{"id":762,"date":"2025-04-24T10:32:29","date_gmt":"2025-04-24T08:32:29","guid":{"rendered":"https:\/\/noufusion.com\/rechtlicher-hinweis\/"},"modified":"2025-04-30T13:46:15","modified_gmt":"2025-04-30T11:46:15","slug":"rechtlicher-hinweis","status":"publish","type":"page","link":"https:\/\/noufusion.com\/de\/rechtlicher-hinweis\/","title":{"rendered":"Rechtlicher Hinweis"},"content":{"rendered":"<p>[et_pb_section fb_built=&#8220;1&#8243; _builder_version=&#8220;4.27.4&#8243; _module_preset=&#8220;default&#8220; background_color=&#8220;#693c4a&#8220; global_colors_info=&#8220;{}&#8220;][et_pb_row _builder_version=&#8220;4.27.4&#8243; _module_preset=&#8220;default&#8220; global_colors_info=&#8220;{}&#8220;][et_pb_column type=&#8220;4_4&#8243; _builder_version=&#8220;4.27.4&#8243; _module_preset=&#8220;default&#8220; global_colors_info=&#8220;{}&#8220;][et_pb_heading title=&#8220;Rechtlicher Hinweis&#8220; _builder_version=&#8220;4.27.4&#8243; _module_preset=&#8220;default&#8220; title_text_align=&#8220;center&#8220; title_text_color=&#8220;#FFFFFF&#8220; global_colors_info=&#8220;{}&#8220;][\/et_pb_heading][\/et_pb_column][\/et_pb_row][et_pb_row _builder_version=&#8220;4.27.4&#8243; _module_preset=&#8220;default&#8220; global_colors_info=&#8220;{}&#8220;][et_pb_column type=&#8220;4_4&#8243; _builder_version=&#8220;4.27.4&#8243; _module_preset=&#8220;default&#8220; global_colors_info=&#8220;{}&#8220;][et_pb_text _builder_version=&#8220;4.27.4&#8243; _module_preset=&#8220;default&#8220; text_text_color=&#8220;#FFFFFF&#8220; text_font_size=&#8220;17px&#8220; header_2_text_color=&#8220;#FFFFFF&#8220; header_2_font_size=&#8220;22px&#8220; hover_enabled=&#8220;0&#8243; global_colors_info=&#8220;{}&#8220; sticky_enabled=&#8220;0&#8243;]<\/p>\n<div class=\"legal-container\">\n<h2>Inhaberidentifikation<\/h2>\n<p>Gem\u00e4\u00df der Informationspflicht nach Gesetz 34\/2002 (LSSICE) wird mitgeteilt, dass diese Website Eigentum von <strong>Nou Fusion<\/strong> aist, mit Sitz in Carrer Holanda, s\/n, 17495 Palau-saverdera (Girona).<br \/>Kontakt: restaurantnoufusion@gmail.com \/ +34 972 53 07 27. <\/p>\n<p>&nbsp;<\/p>\n<h2>Nutzungsbedingungen<\/h2>\n<p>Der Nutzer greift freiwillig auf diese Website zu. Der Zugriff und das Surfen bedeuten die Anerkennung der geltenden rechtlichen Bedingungen. Nou Fusion beh\u00e4lt sich das Recht vor, Inhalte ohne vorherige Ank\u00fcndigung zu \u00e4ndern.  <\/p>\n<p>&nbsp;<\/p>\n<h2>Geistiges Eigentum<\/h2>\n<p>Alle Inhalte dieser Website, einschlie\u00dflich Texte, Bilder und Logos, sind Eigentum von Nou Fusion oder autorisierten Dritten. Eine Vervielf\u00e4ltigung ohne ausdr\u00fcckliche Genehmigung ist untersagt. <\/p>\n<p>&nbsp;<\/p>\n<h2>Responsabilitat<\/h2>\n<p>Nou Fusion \u00fcbernimmt keine Verantwortung f\u00fcr die unsachgem\u00e4\u00dfe Nutzung der Inhalte dieser Website oder f\u00fcr Links zu externen Seiten.<\/p>\n<p>&nbsp;<\/p>\n<\/div>\n<p>[\/et_pb_text][\/et_pb_column][\/et_pb_row][\/et_pb_section]<\/p>\n","protected":false},"excerpt":{"rendered":"<p>Inhaberidentifikation Gem\u00e4\u00df der Informationspflicht nach Gesetz 34\/2002 (LSSICE) wird mitgeteilt, dass diese Website Eigentum von Nou Fusion aist, mit Sitz in Carrer Holanda, s\/n, 17495 Palau-saverdera (Girona).Kontakt: restaurantnoufusion@gmail.com \/ +34 972 53 07 27. &nbsp; Nutzungsbedingungen Der Nutzer greift freiwillig auf diese Website zu. Der Zugriff und das Surfen bedeuten die Anerkennung der geltenden rechtlichen [&hellip;]<\/p>\n","protected":false},"author":1,"featured_media":0,"parent":0,"menu_order":0,"comment_status":"closed","ping_status":"closed","template":"","meta":{"_et_pb_use_builder":"on","_et_pb_old_content":"","_et_gb_content_width":"","footnotes":""},"class_list":["post-762","page","type-page","status-publish","hentry"],"_links":{"self":[{"href":"https:\/\/noufusion.com\/de\/wp-json\/wp\/v2\/pages\/762","targetHints":{"allow":["GET"]}}],"collection":[{"href":"https:\/\/noufusion.com\/de\/wp-json\/wp\/v2\/pages"}],"about":[{"href":"https:\/\/noufusion.com\/de\/wp-json\/wp\/v2\/types\/page"}],"author":[{"embeddable":true,"href":"https:\/\/noufusion.com\/de\/wp-json\/wp\/v2\/users\/1"}],"replies":[{"embeddable":true,"href":"https:\/\/noufusion.com\/de\/wp-json\/wp\/v2\/comments?post=762"}],"version-history":[{"count":2,"href":"https:\/\/noufusion.com\/de\/wp-json\/wp\/v2\/pages\/762\/revisions"}],"predecessor-version":[{"id":764,"href":"https:\/\/noufusion.com\/de\/wp-json\/wp\/v2\/pages\/762\/revisions\/764"}],"wp:attachment":[{"href":"https:\/\/noufusion.com\/de\/wp-json\/wp\/v2\/media?parent=762"}],"curies":[{"name":"wp","href":"https:\/\/api.w.org\/{rel}","templated":true}]}}