{"id":774,"date":"2025-04-24T10:43:27","date_gmt":"2025-04-24T08:43:27","guid":{"rendered":"https:\/\/noufusion.com\/cookie-richtlinie\/"},"modified":"2025-04-30T15:17:46","modified_gmt":"2025-04-30T13:17:46","slug":"cookie-richtlinie","status":"publish","type":"page","link":"https:\/\/noufusion.com\/de\/cookie-richtlinie\/","title":{"rendered":"Cookie-Richtlinie"},"content":{"rendered":"<p>[et_pb_section fb_built=&#8220;1&#8243; theme_builder_area=&#8220;post_content&#8220; _builder_version=&#8220;4.27.4&#8243; _module_preset=&#8220;default&#8220; background_color=&#8220;#693c4a&#8220; hover_enabled=&#8220;0&#8243; sticky_enabled=&#8220;0&#8243;][et_pb_row _builder_version=&#8220;4.27.4&#8243; _module_preset=&#8220;default&#8220; theme_builder_area=&#8220;post_content&#8220;][et_pb_column _builder_version=&#8220;4.27.4&#8243; _module_preset=&#8220;default&#8220; type=&#8220;4_4&#8243; theme_builder_area=&#8220;post_content&#8220;][et_pb_heading title=&#8220;Cookie-Richtlinie&#8220; _builder_version=&#8220;4.27.4&#8243; _module_preset=&#8220;default&#8220; theme_builder_area=&#8220;post_content&#8220; title_level=&#8220;h2&#8243; title_text_color=&#8220;#FFFFFF&#8220; hover_enabled=&#8220;0&#8243; sticky_enabled=&#8220;0&#8243; title_text_align=&#8220;center&#8220;][\/et_pb_heading][\/et_pb_column][\/et_pb_row][et_pb_row _builder_version=&#8220;4.27.4&#8243; _module_preset=&#8220;default&#8220; theme_builder_area=&#8220;post_content&#8220;][et_pb_column _builder_version=&#8220;4.27.4&#8243; _module_preset=&#8220;default&#8220; type=&#8220;4_4&#8243; theme_builder_area=&#8220;post_content&#8220;][et_pb_text _builder_version=&#8220;4.27.4&#8243; _module_preset=&#8220;default&#8220; theme_builder_area=&#8220;post_content&#8220; text_text_color=&#8220;#FFFFFF&#8220; text_font_size=&#8220;17px&#8220; hover_enabled=&#8220;0&#8243; sticky_enabled=&#8220;0&#8243; header_2_text_color=&#8220;#FFFFFF&#8220; header_2_font_size=&#8220;22px&#8220;]<\/p>\n<div class=\"legal-container\">\n<h2>Verwendung von Cookies<\/h2>\n<p>Diese Website verwendet eigene und Drittanbieter-Cookies, um das Surferlebnis zu verbessern und personalisierte Dienste anzubieten.<\/p>\n<p>&nbsp;<\/p>\n<h2>Arten von Cookies<\/h2>\n<p>&#8211; Technische Cookies: Erforderlich f\u00fcr den Betrieb der Website.<br \/>&#8211; Analyse-Cookies: Zur Erfassung statistischer Daten (Google Analytics).<br \/>&#8211; Drittanbieter-Cookies: Integration mit Diensten wie Google Maps oder Instagram.<\/p>\n<p>&nbsp;<\/p>\n<h2>Verwaltung von Cookies<\/h2>\n<p>Der Nutzer kann die Verwendung von Cookies \u00fcber seinen Browser konfigurieren oder ablehnen. Das Deaktivieren kann die Funktionalit\u00e4t der Website beeintr\u00e4chtigen. <\/p>\n<p>&nbsp;<\/p>\n<h2>Zustimmung<\/h2>\n<p>Durch die weitere Nutzung der Website akzeptiert der Nutzer die Verwendung von Cookies gem\u00e4\u00df dieser Richtlinie.<\/p>\n<p>&nbsp;<\/p>\n<\/div>\n<p>[\/et_pb_text][\/et_pb_column][\/et_pb_row][\/et_pb_section]<\/p>\n","protected":false},"excerpt":{"rendered":"<p>Verwendung von Cookies Diese Website verwendet eigene und Drittanbieter-Cookies, um das Surferlebnis zu verbessern und personalisierte Dienste anzubieten. &nbsp; Arten von Cookies &#8211; Technische Cookies: Erforderlich f\u00fcr den Betrieb der Website.- Analyse-Cookies: Zur Erfassung statistischer Daten (Google Analytics).- Drittanbieter-Cookies: Integration mit Diensten wie Google Maps oder Instagram. &nbsp; Verwaltung von Cookies Der Nutzer kann die [&hellip;]<\/p>\n","protected":false},"author":1,"featured_media":0,"parent":0,"menu_order":0,"comment_status":"closed","ping_status":"closed","template":"","meta":{"_et_pb_use_builder":"on","_et_pb_old_content":"","_et_gb_content_width":"","footnotes":""},"class_list":["post-774","page","type-page","status-publish","hentry"],"_links":{"self":[{"href":"https:\/\/noufusion.com\/de\/wp-json\/wp\/v2\/pages\/774","targetHints":{"allow":["GET"]}}],"collection":[{"href":"https:\/\/noufusion.com\/de\/wp-json\/wp\/v2\/pages"}],"about":[{"href":"https:\/\/noufusion.com\/de\/wp-json\/wp\/v2\/types\/page"}],"author":[{"embeddable":true,"href":"https:\/\/noufusion.com\/de\/wp-json\/wp\/v2\/users\/1"}],"replies":[{"embeddable":true,"href":"https:\/\/noufusion.com\/de\/wp-json\/wp\/v2\/comments?post=774"}],"version-history":[{"count":2,"href":"https:\/\/noufusion.com\/de\/wp-json\/wp\/v2\/pages\/774\/revisions"}],"predecessor-version":[{"id":776,"href":"https:\/\/noufusion.com\/de\/wp-json\/wp\/v2\/pages\/774\/revisions\/776"}],"wp:attachment":[{"href":"https:\/\/noufusion.com\/de\/wp-json\/wp\/v2\/media?parent=774"}],"curies":[{"name":"wp","href":"https:\/\/api.w.org\/{rel}","templated":true}]}}