{"id":786,"date":"2025-04-03T22:38:13","date_gmt":"2025-04-03T20:38:13","guid":{"rendered":"https:\/\/noufusion.com\/datenschutzrichtlinie\/"},"modified":"2025-04-30T15:29:08","modified_gmt":"2025-04-30T13:29:08","slug":"datenschutzrichtlinie","status":"publish","type":"page","link":"https:\/\/noufusion.com\/de\/datenschutzrichtlinie\/","title":{"rendered":"Datenschutzrichtlinie"},"content":{"rendered":"<p>[et_pb_section fb_built=&#8220;1&#8243; _builder_version=&#8220;4.27.4&#8243; background_color=&#8220;#693c4a&#8220; global_colors_info=&#8220;{}&#8220;][et_pb_row _builder_version=&#8220;4.27.4&#8243; _module_preset=&#8220;default&#8220; global_colors_info=&#8220;{}&#8220;][et_pb_column type=&#8220;4_4&#8243; _builder_version=&#8220;4.27.4&#8243; _module_preset=&#8220;default&#8220; global_colors_info=&#8220;{}&#8220;][et_pb_heading title=&#8220;Datenschutzrichtlinie&#8220; _builder_version=&#8220;4.27.4&#8243; _module_preset=&#8220;default&#8220; title_level=&#8220;h2&#8243; title_text_align=&#8220;center&#8220; title_text_color=&#8220;#FFFFFF&#8220; global_colors_info=&#8220;{}&#8220;][\/et_pb_heading][\/et_pb_column][\/et_pb_row][et_pb_row _builder_version=&#8220;4.27.4&#8243; _module_preset=&#8220;default&#8220; global_colors_info=&#8220;{}&#8220;][et_pb_column type=&#8220;4_4&#8243; _builder_version=&#8220;4.27.4&#8243; _module_preset=&#8220;default&#8220; global_colors_info=&#8220;{}&#8220;][et_pb_text _builder_version=&#8220;4.27.4&#8243; _module_preset=&#8220;default&#8220; text_text_color=&#8220;#FFFFFF&#8220; text_font_size=&#8220;17px&#8220; header_2_text_color=&#8220;#FFFFFF&#8220; header_2_font_size=&#8220;22px&#8220; hover_enabled=&#8220;0&#8243; global_colors_info=&#8220;{}&#8220; sticky_enabled=&#8220;0&#8243;]<\/p>\n<div class=\"legal-container\">\n<h2>Verantwortlicher f\u00fcr die Datenverarbeitung<\/h2>\n<p>Verantwortlicher: <strong>Nou Fusion<\/strong>, Carrer Holanda, s\/n, 17495 Palau-saverdera (Girona). Contacte: restaurantnoufusion@gmail.com \/ +34 972 53 07 27. <\/p>\n<p>&nbsp;<\/p>\n<h2>Zweck<\/h2>\n<p>Reservierungsverwaltung, Beantwortung von Anfragen und Versand von Mitteilungen im Zusammenhang mit dem Restaurant. Nutzung von WhatsApp, Formularen und Tools wie Google Maps oder Instagram. <\/p>\n<p>&nbsp;<\/p>\n<h2>Rechte<\/h2>\n<p>Sie k\u00f6nnen Ihre Rechte auf Auskunft, Berichtigung, L\u00f6schung, Einschr\u00e4nkung und Widerspruch durch eine Anfrage an <a href=\"mailto:restaurantnoufusion@gmail.com\">restaurantnoufusion@gmail.com<\/a>.<\/p>\n<p>&nbsp;<\/p>\n<h2>Aufbewahrung<\/h2>\n<p>Die Daten werden so lange aufbewahrt, wie es f\u00fcr den Zweck, zu dem sie erhoben wurden, erforderlich ist.<\/p>\n<p>&nbsp;<\/p>\n<\/div>\n<p>[\/et_pb_text][\/et_pb_column][\/et_pb_row][\/et_pb_section]<\/p>\n","protected":false},"excerpt":{"rendered":"<p>Verantwortlicher f\u00fcr die Datenverarbeitung Verantwortlicher: Nou Fusion, Carrer Holanda, s\/n, 17495 Palau-saverdera (Girona). Contacte: restaurantnoufusion@gmail.com \/ +34 972 53 07 27. &nbsp; Zweck Reservierungsverwaltung, Beantwortung von Anfragen und Versand von Mitteilungen im Zusammenhang mit dem Restaurant. Nutzung von WhatsApp, Formularen und Tools wie Google Maps oder Instagram. &nbsp; Rechte Sie k\u00f6nnen Ihre Rechte auf Auskunft, [&hellip;]<\/p>\n","protected":false},"author":1,"featured_media":0,"parent":0,"menu_order":0,"comment_status":"closed","ping_status":"closed","template":"","meta":{"_et_pb_use_builder":"on","_et_pb_old_content":"","_et_gb_content_width":"","footnotes":""},"class_list":["post-786","page","type-page","status-publish","hentry"],"_links":{"self":[{"href":"https:\/\/noufusion.com\/de\/wp-json\/wp\/v2\/pages\/786","targetHints":{"allow":["GET"]}}],"collection":[{"href":"https:\/\/noufusion.com\/de\/wp-json\/wp\/v2\/pages"}],"about":[{"href":"https:\/\/noufusion.com\/de\/wp-json\/wp\/v2\/types\/page"}],"author":[{"embeddable":true,"href":"https:\/\/noufusion.com\/de\/wp-json\/wp\/v2\/users\/1"}],"replies":[{"embeddable":true,"href":"https:\/\/noufusion.com\/de\/wp-json\/wp\/v2\/comments?post=786"}],"version-history":[{"count":2,"href":"https:\/\/noufusion.com\/de\/wp-json\/wp\/v2\/pages\/786\/revisions"}],"predecessor-version":[{"id":788,"href":"https:\/\/noufusion.com\/de\/wp-json\/wp\/v2\/pages\/786\/revisions\/788"}],"wp:attachment":[{"href":"https:\/\/noufusion.com\/de\/wp-json\/wp\/v2\/media?parent=786"}],"curies":[{"name":"wp","href":"https:\/\/api.w.org\/{rel}","templated":true}]}}