{"id":765,"date":"2025-04-24T10:32:29","date_gmt":"2025-04-24T08:32:29","guid":{"rendered":"https:\/\/noufusion.com\/aviso-legal\/"},"modified":"2025-04-30T13:51:00","modified_gmt":"2025-04-30T11:51:00","slug":"aviso-legal","status":"publish","type":"page","link":"https:\/\/noufusion.com\/es\/aviso-legal\/","title":{"rendered":"Aviso legal"},"content":{"rendered":"<p>[et_pb_section fb_built=\u00bb1&#8243; _builder_version=\u00bb4.27.4&#8243; _module_preset=\u00bbdefault\u00bb background_color=\u00bb#693c4a\u00bb global_colors_info=\u00bb{}\u00bb][et_pb_row _builder_version=\u00bb4.27.4&#8243; _module_preset=\u00bbdefault\u00bb global_colors_info=\u00bb{}\u00bb][et_pb_column type=\u00bb4_4&#8243; _builder_version=\u00bb4.27.4&#8243; _module_preset=\u00bbdefault\u00bb global_colors_info=\u00bb{}\u00bb][et_pb_heading title=\u00bbAviso legal\u00bb _builder_version=\u00bb4.27.4&#8243; _module_preset=\u00bbdefault\u00bb title_text_align=\u00bbcenter\u00bb title_text_color=\u00bb#FFFFFF\u00bb global_colors_info=\u00bb{}\u00bb][\/et_pb_heading][\/et_pb_column][\/et_pb_row][et_pb_row _builder_version=\u00bb4.27.4&#8243; _module_preset=\u00bbdefault\u00bb global_colors_info=\u00bb{}\u00bb][et_pb_column type=\u00bb4_4&#8243; _builder_version=\u00bb4.27.4&#8243; _module_preset=\u00bbdefault\u00bb global_colors_info=\u00bb{}\u00bb][et_pb_text _builder_version=\u00bb4.27.4&#8243; _module_preset=\u00bbdefault\u00bb text_text_color=\u00bb#FFFFFF\u00bb text_font_size=\u00bb17px\u00bb header_2_text_color=\u00bb#FFFFFF\u00bb header_2_font_size=\u00bb22px\u00bb hover_enabled=\u00bb0&#8243; global_colors_info=\u00bb{}\u00bb sticky_enabled=\u00bb0&#8243;]<\/p>\n<div class=\"legal-container\">\n<h2>Identificaci\u00f3n del titular<\/h2>\n<p>En cumplimiento con el deber de informaci\u00f3n establecido en la Ley 34\/2002 (LSSICE), se informa que este sitio web es titularidad de <strong>Nou Fusion<\/strong>, con domicilio en Carrer Holanda, s\/n, 17495 Palau-saverdera (Girona). Contacto: restaurantnoufusion@gmail.com \/ +34 972 53 07 27.<\/p>\n<p>&nbsp;<\/p>\n<h2>Condiciones de uso<\/h2>\n<p>El usuario accede voluntariamente a esta web. El acceso y la navegaci\u00f3n implican la aceptaci\u00f3n de las condiciones legales vigentes. Nou Fusion se reserva el derecho de modificar el contenido sin previo aviso.<\/p>\n<p>&nbsp;<\/p>\n<h2>Propiedad intelectual<\/h2>\n<p>Todos los contenidos de este sitio web, incluyendo textos, im\u00e1genes, logotipos, son propiedad de Nou Fusion o de terceros autorizados. Queda prohibida su reproducci\u00f3n sin autorizaci\u00f3n expresa.<\/p>\n<p>&nbsp;<\/p>\n<h2>Responsabilidad<\/h2>\n<p>Nou Fusion no se responsabiliza del uso inadecuado del contenido del sitio web ni de los enlaces a sitios externos.<\/p>\n<p>&nbsp;<\/p>\n<\/div>\n<p>[\/et_pb_text][\/et_pb_column][\/et_pb_row][\/et_pb_section]<\/p>\n","protected":false},"excerpt":{"rendered":"<p>Identificaci\u00f3n del titular En cumplimiento con el deber de informaci\u00f3n establecido en la Ley 34\/2002 (LSSICE), se informa que este sitio web es titularidad de Nou Fusion, con domicilio en Carrer Holanda, s\/n, 17495 Palau-saverdera (Girona). Contacto: restaurantnoufusion@gmail.com \/ +34 972 53 07 27. &nbsp; Condiciones de uso El usuario accede voluntariamente a esta web. [&hellip;]<\/p>\n","protected":false},"author":1,"featured_media":0,"parent":0,"menu_order":0,"comment_status":"closed","ping_status":"closed","template":"","meta":{"_et_pb_use_builder":"on","_et_pb_old_content":"","_et_gb_content_width":"","footnotes":""},"class_list":["post-765","page","type-page","status-publish","hentry"],"_links":{"self":[{"href":"https:\/\/noufusion.com\/es\/wp-json\/wp\/v2\/pages\/765","targetHints":{"allow":["GET"]}}],"collection":[{"href":"https:\/\/noufusion.com\/es\/wp-json\/wp\/v2\/pages"}],"about":[{"href":"https:\/\/noufusion.com\/es\/wp-json\/wp\/v2\/types\/page"}],"author":[{"embeddable":true,"href":"https:\/\/noufusion.com\/es\/wp-json\/wp\/v2\/users\/1"}],"replies":[{"embeddable":true,"href":"https:\/\/noufusion.com\/es\/wp-json\/wp\/v2\/comments?post=765"}],"version-history":[{"count":2,"href":"https:\/\/noufusion.com\/es\/wp-json\/wp\/v2\/pages\/765\/revisions"}],"predecessor-version":[{"id":767,"href":"https:\/\/noufusion.com\/es\/wp-json\/wp\/v2\/pages\/765\/revisions\/767"}],"wp:attachment":[{"href":"https:\/\/noufusion.com\/es\/wp-json\/wp\/v2\/media?parent=765"}],"curies":[{"name":"wp","href":"https:\/\/api.w.org\/{rel}","templated":true}]}}