{"id":777,"date":"2025-04-24T10:43:27","date_gmt":"2025-04-24T08:43:27","guid":{"rendered":"https:\/\/noufusion.com\/politica-de-cookies\/"},"modified":"2025-04-30T15:21:05","modified_gmt":"2025-04-30T13:21:05","slug":"politica-de-cookies","status":"publish","type":"page","link":"https:\/\/noufusion.com\/es\/politica-de-cookies\/","title":{"rendered":"Pol\u00edtica de Cookies"},"content":{"rendered":"<p>[et_pb_section fb_built=\u00bb1&#8243; theme_builder_area=\u00bbpost_content\u00bb _builder_version=\u00bb4.27.4&#8243; _module_preset=\u00bbdefault\u00bb background_color=\u00bb#693c4a\u00bb hover_enabled=\u00bb0&#8243; sticky_enabled=\u00bb0&#8243;][et_pb_row _builder_version=\u00bb4.27.4&#8243; _module_preset=\u00bbdefault\u00bb theme_builder_area=\u00bbpost_content\u00bb][et_pb_column _builder_version=\u00bb4.27.4&#8243; _module_preset=\u00bbdefault\u00bb type=\u00bb4_4&#8243; theme_builder_area=\u00bbpost_content\u00bb][et_pb_heading title=\u00bbPol\u00edtica de Cookies\u00bb _builder_version=\u00bb4.27.4&#8243; _module_preset=\u00bbdefault\u00bb theme_builder_area=\u00bbpost_content\u00bb title_level=\u00bbh2&#8243; title_text_color=\u00bb#FFFFFF\u00bb hover_enabled=\u00bb0&#8243; sticky_enabled=\u00bb0&#8243; title_text_align=\u00bbcenter\u00bb][\/et_pb_heading][\/et_pb_column][\/et_pb_row][et_pb_row _builder_version=\u00bb4.27.4&#8243; _module_preset=\u00bbdefault\u00bb theme_builder_area=\u00bbpost_content\u00bb][et_pb_column _builder_version=\u00bb4.27.4&#8243; _module_preset=\u00bbdefault\u00bb type=\u00bb4_4&#8243; theme_builder_area=\u00bbpost_content\u00bb][et_pb_text _builder_version=\u00bb4.27.4&#8243; _module_preset=\u00bbdefault\u00bb theme_builder_area=\u00bbpost_content\u00bb text_text_color=\u00bb#FFFFFF\u00bb text_font_size=\u00bb17px\u00bb hover_enabled=\u00bb0&#8243; sticky_enabled=\u00bb0&#8243; header_2_text_color=\u00bb#FFFFFF\u00bb header_2_font_size=\u00bb22px\u00bb]<\/p>\n<div class=\"legal-container\">\n<h2>Uso de cookies<\/h2>\n<p>Este sitio web utiliza cookies propias y de terceros para mejorar la experiencia de navegaci\u00f3n y ofrecer servicios personalizados.<\/p>\n<p>&nbsp;<\/p>\n<h2>Tipos de cookies<\/h2>\n<p>&#8211; Cookies t\u00e9cnicas: Necesarias para el funcionamiento del sitio web.<br \/>&#8211; Cookies de an\u00e1lisis: Para recopilar datos estad\u00edsticos (Google Analytics).<br \/>&#8211; Cookies de terceros: Integraci\u00f3n con servicios como Google Maps o Instagram.<\/p>\n<p>&nbsp;<\/p>\n<h2>Gesti\u00f3n de cookies<\/h2>\n<p>El usuario puede configurar o rechazar el uso de cookies a trav\u00e9s de su navegador. La desactivaci\u00f3n podr\u00eda afectar al funcionamiento del sitio web.<\/p>\n<p>&nbsp;<\/p>\n<h2>Aceptaci\u00f3n<\/h2>\n<p>Al continuar navegando, el usuario acepta el uso de cookies seg\u00fan la presente pol\u00edtica.<\/p>\n<p>&nbsp;<\/p>\n<\/div>\n<p>[\/et_pb_text][\/et_pb_column][\/et_pb_row][\/et_pb_section]<\/p>\n","protected":false},"excerpt":{"rendered":"<p>Uso de cookies Este sitio web utiliza cookies propias y de terceros para mejorar la experiencia de navegaci\u00f3n y ofrecer servicios personalizados. &nbsp; Tipos de cookies &#8211; Cookies t\u00e9cnicas: Necesarias para el funcionamiento del sitio web.- Cookies de an\u00e1lisis: Para recopilar datos estad\u00edsticos (Google Analytics).- Cookies de terceros: Integraci\u00f3n con servicios como Google Maps o [&hellip;]<\/p>\n","protected":false},"author":1,"featured_media":0,"parent":0,"menu_order":0,"comment_status":"closed","ping_status":"closed","template":"","meta":{"_et_pb_use_builder":"on","_et_pb_old_content":"","_et_gb_content_width":"","footnotes":""},"class_list":["post-777","page","type-page","status-publish","hentry"],"_links":{"self":[{"href":"https:\/\/noufusion.com\/es\/wp-json\/wp\/v2\/pages\/777","targetHints":{"allow":["GET"]}}],"collection":[{"href":"https:\/\/noufusion.com\/es\/wp-json\/wp\/v2\/pages"}],"about":[{"href":"https:\/\/noufusion.com\/es\/wp-json\/wp\/v2\/types\/page"}],"author":[{"embeddable":true,"href":"https:\/\/noufusion.com\/es\/wp-json\/wp\/v2\/users\/1"}],"replies":[{"embeddable":true,"href":"https:\/\/noufusion.com\/es\/wp-json\/wp\/v2\/comments?post=777"}],"version-history":[{"count":2,"href":"https:\/\/noufusion.com\/es\/wp-json\/wp\/v2\/pages\/777\/revisions"}],"predecessor-version":[{"id":779,"href":"https:\/\/noufusion.com\/es\/wp-json\/wp\/v2\/pages\/777\/revisions\/779"}],"wp:attachment":[{"href":"https:\/\/noufusion.com\/es\/wp-json\/wp\/v2\/media?parent=777"}],"curies":[{"name":"wp","href":"https:\/\/api.w.org\/{rel}","templated":true}]}}