{"id":789,"date":"2025-04-03T22:38:13","date_gmt":"2025-04-03T20:38:13","guid":{"rendered":"https:\/\/noufusion.com\/politica-de-privacidad\/"},"modified":"2025-04-30T15:44:50","modified_gmt":"2025-04-30T13:44:50","slug":"politica-de-privacidad","status":"publish","type":"page","link":"https:\/\/noufusion.com\/es\/politica-de-privacidad\/","title":{"rendered":"Pol\u00edtica de privacidad"},"content":{"rendered":"<p>[et_pb_section fb_built=\u00bb1&#8243; _builder_version=\u00bb4.27.4&#8243; background_color=\u00bb#693c4a\u00bb global_colors_info=\u00bb{}\u00bb][et_pb_row _builder_version=\u00bb4.27.4&#8243; _module_preset=\u00bbdefault\u00bb global_colors_info=\u00bb{}\u00bb][et_pb_column type=\u00bb4_4&#8243; _builder_version=\u00bb4.27.4&#8243; _module_preset=\u00bbdefault\u00bb global_colors_info=\u00bb{}\u00bb][et_pb_heading title=\u00bbPol\u00edtica de privacidad\u00bb _builder_version=\u00bb4.27.4&#8243; _module_preset=\u00bbdefault\u00bb title_level=\u00bbh2&#8243; title_text_align=\u00bbcenter\u00bb title_text_color=\u00bb#FFFFFF\u00bb global_colors_info=\u00bb{}\u00bb][\/et_pb_heading][\/et_pb_column][\/et_pb_row][et_pb_row _builder_version=\u00bb4.27.4&#8243; _module_preset=\u00bbdefault\u00bb global_colors_info=\u00bb{}\u00bb][et_pb_column type=\u00bb4_4&#8243; _builder_version=\u00bb4.27.4&#8243; _module_preset=\u00bbdefault\u00bb global_colors_info=\u00bb{}\u00bb][et_pb_text _builder_version=\u00bb4.27.4&#8243; _module_preset=\u00bbdefault\u00bb text_text_color=\u00bb#FFFFFF\u00bb text_font_size=\u00bb17px\u00bb header_2_text_color=\u00bb#FFFFFF\u00bb header_2_font_size=\u00bb22px\u00bb hover_enabled=\u00bb0&#8243; global_colors_info=\u00bb{}\u00bb sticky_enabled=\u00bb0&#8243;]<\/p>\n<div class=\"legal-container\">\n<h2>Responsable del tratamiento de datos<\/h2>\n<p>Responsable: <strong>Nou Fusion<\/strong>, Carrer Holanda, s\/n, 17495 Palau-saverdera (Girona). Contacto: restaurantnoufusion@gmail.com \/ +34 972 53 07 27.<\/p>\n<p>&nbsp;<\/p>\n<h2>Finalidad<\/h2>\n<p>Gesti\u00f3n de reservas, respuesta a consultas y env\u00edo de comunicaciones relacionadas con el restaurante. Uso de WhatsApp, formularios y herramientas como Google Maps o Instagram. <\/p>\n<p>&nbsp;<\/p>\n<h2>Derechos<\/h2>\n<p>Puede ejercer los derechos de acceso, rectificaci\u00f3n, supresi\u00f3n, limitaci\u00f3n y oposici\u00f3n mediante solicitud a <a href=\"mailto:restaurantnoufusion@gmail.com\">restaurantnoufusion@gmail.com<\/a>.<\/p>\n<p>&nbsp;<\/p>\n<h2>Conservaci\u00f3n<\/h2>\n<p>Los datos se conservar\u00e1n mientras sea necesario para la finalidad para la que fueron recogidos.<\/p>\n<p>&nbsp;<\/p>\n<\/div>\n<p>[\/et_pb_text][\/et_pb_column][\/et_pb_row][\/et_pb_section]<\/p>\n","protected":false},"excerpt":{"rendered":"<p>Responsable del tratamiento de datos Responsable: Nou Fusion, Carrer Holanda, s\/n, 17495 Palau-saverdera (Girona). Contacto: restaurantnoufusion@gmail.com \/ +34 972 53 07 27. &nbsp; Finalidad Gesti\u00f3n de reservas, respuesta a consultas y env\u00edo de comunicaciones relacionadas con el restaurante. Uso de WhatsApp, formularios y herramientas como Google Maps o Instagram. &nbsp; Derechos Puede ejercer los derechos [&hellip;]<\/p>\n","protected":false},"author":1,"featured_media":0,"parent":0,"menu_order":0,"comment_status":"closed","ping_status":"closed","template":"","meta":{"_et_pb_use_builder":"on","_et_pb_old_content":"","_et_gb_content_width":"","footnotes":""},"class_list":["post-789","page","type-page","status-publish","hentry"],"_links":{"self":[{"href":"https:\/\/noufusion.com\/es\/wp-json\/wp\/v2\/pages\/789","targetHints":{"allow":["GET"]}}],"collection":[{"href":"https:\/\/noufusion.com\/es\/wp-json\/wp\/v2\/pages"}],"about":[{"href":"https:\/\/noufusion.com\/es\/wp-json\/wp\/v2\/types\/page"}],"author":[{"embeddable":true,"href":"https:\/\/noufusion.com\/es\/wp-json\/wp\/v2\/users\/1"}],"replies":[{"embeddable":true,"href":"https:\/\/noufusion.com\/es\/wp-json\/wp\/v2\/comments?post=789"}],"version-history":[{"count":2,"href":"https:\/\/noufusion.com\/es\/wp-json\/wp\/v2\/pages\/789\/revisions"}],"predecessor-version":[{"id":791,"href":"https:\/\/noufusion.com\/es\/wp-json\/wp\/v2\/pages\/789\/revisions\/791"}],"wp:attachment":[{"href":"https:\/\/noufusion.com\/es\/wp-json\/wp\/v2\/media?parent=789"}],"curies":[{"name":"wp","href":"https:\/\/api.w.org\/{rel}","templated":true}]}}