{"id":759,"date":"2025-04-24T10:32:29","date_gmt":"2025-04-24T08:32:29","guid":{"rendered":"https:\/\/noufusion.com\/mentions-legales\/"},"modified":"2025-04-30T13:41:38","modified_gmt":"2025-04-30T11:41:38","slug":"mentions-legales","status":"publish","type":"page","link":"https:\/\/noufusion.com\/fr\/mentions-legales\/","title":{"rendered":"Mentions l\u00e9gales"},"content":{"rendered":"<p>[et_pb_section fb_built=\u00a0\u00bb1&Prime; _builder_version=\u00a0\u00bb4.27.4&Prime; _module_preset=\u00a0\u00bbdefault\u00a0\u00bb background_color=\u00a0\u00bb#693c4a\u00a0\u00bb global_colors_info=\u00a0\u00bb{}\u00a0\u00bb][et_pb_row _builder_version=\u00a0\u00bb4.27.4&Prime; _module_preset=\u00a0\u00bbdefault\u00a0\u00bb global_colors_info=\u00a0\u00bb{}\u00a0\u00bb][et_pb_column type=\u00a0\u00bb4_4&Prime; _builder_version=\u00a0\u00bb4.27.4&Prime; _module_preset=\u00a0\u00bbdefault\u00a0\u00bb global_colors_info=\u00a0\u00bb{}\u00a0\u00bb][et_pb_heading title=\u00a0\u00bbMentions l\u00e9gales\u00a0\u00bb _builder_version=\u00a0\u00bb4.27.4&Prime; _module_preset=\u00a0\u00bbdefault\u00a0\u00bb title_text_align=\u00a0\u00bbcenter\u00a0\u00bb title_text_color=\u00a0\u00bb#FFFFFF\u00a0\u00bb global_colors_info=\u00a0\u00bb{}\u00a0\u00bb][\/et_pb_heading][\/et_pb_column][\/et_pb_row][et_pb_row _builder_version=\u00a0\u00bb4.27.4&Prime; _module_preset=\u00a0\u00bbdefault\u00a0\u00bb global_colors_info=\u00a0\u00bb{}\u00a0\u00bb][et_pb_column type=\u00a0\u00bb4_4&Prime; _builder_version=\u00a0\u00bb4.27.4&Prime; _module_preset=\u00a0\u00bbdefault\u00a0\u00bb global_colors_info=\u00a0\u00bb{}\u00a0\u00bb][et_pb_text _builder_version=\u00a0\u00bb4.27.4&Prime; _module_preset=\u00a0\u00bbdefault\u00a0\u00bb text_text_color=\u00a0\u00bb#FFFFFF\u00a0\u00bb text_font_size=\u00a0\u00bb17px\u00a0\u00bb header_2_text_color=\u00a0\u00bb#FFFFFF\u00a0\u00bb header_2_font_size=\u00a0\u00bb22px\u00a0\u00bb hover_enabled=\u00a0\u00bb0&Prime; global_colors_info=\u00a0\u00bb{}\u00a0\u00bb sticky_enabled=\u00a0\u00bb0&Prime;]<\/p>\n<div class=\"legal-container\">\n<h2>Identification du propri\u00e9taire<\/h2>\n<p>Conform\u00e9ment au devoir d&rsquo;information \u00e9tabli dans la loi 34\/2002 (LSSICE), nous vous informons que ce site Web est la propri\u00e9t\u00e9 de <strong>Nou Fusion<\/strong> , avec adresse \u00e0 Carrer Holanda, s\/n, 17495 Palau-saverdera (G\u00e9rone). Contact : restaurantnoufusion@gmail.com \/ +34 972 53 07 27. <\/p>\n<p>&nbsp;<\/p>\n<h2>Conditions d&rsquo;utilisation<\/h2>\n<p>L&rsquo;utilisateur acc\u00e8de volontairement \u00e0 ce site Web. L&rsquo;acc\u00e8s et la navigation impliquent l&rsquo;acceptation des conditions l\u00e9gales en vigueur. Nou Fusion se r\u00e9serve le droit de modifier le contenu sans pr\u00e9avis.  <\/p>\n<p>&nbsp;<\/p>\n<h2>Propri\u00e9t\u00e9 intellectuelle<\/h2>\n<p>Tous les contenus de ce site Web, y compris les textes, images, logos, sont la propri\u00e9t\u00e9 de Nou Fusion ou de tiers autoris\u00e9s. La reproduction sans autorisation expresse est interdite. <\/p>\n<p>&nbsp;<\/p>\n<h2>Responsabilit\u00e9<\/h2>\n<p>Nou Fusion n&rsquo;est pas responsable de l&rsquo;utilisation inappropri\u00e9e du contenu du site Web ou des liens vers des sites externes.<\/p>\n<p>&nbsp;<\/p>\n<\/div>\n<p>[\/et_pb_text][\/et_pb_column][\/et_pb_row][\/et_pb_section]<\/p>\n","protected":false},"excerpt":{"rendered":"<p>Identification du propri\u00e9taire Conform\u00e9ment au devoir d&rsquo;information \u00e9tabli dans la loi 34\/2002 (LSSICE), nous vous informons que ce site Web est la propri\u00e9t\u00e9 de Nou Fusion , avec adresse \u00e0 Carrer Holanda, s\/n, 17495 Palau-saverdera (G\u00e9rone). Contact : restaurantnoufusion@gmail.com \/ +34 972 53 07 27. &nbsp; Conditions d&rsquo;utilisation L&rsquo;utilisateur acc\u00e8de volontairement \u00e0 ce site Web. [&hellip;]<\/p>\n","protected":false},"author":1,"featured_media":0,"parent":0,"menu_order":0,"comment_status":"closed","ping_status":"closed","template":"","meta":{"_et_pb_use_builder":"on","_et_pb_old_content":"","_et_gb_content_width":"","footnotes":""},"class_list":["post-759","page","type-page","status-publish","hentry"],"_links":{"self":[{"href":"https:\/\/noufusion.com\/fr\/wp-json\/wp\/v2\/pages\/759","targetHints":{"allow":["GET"]}}],"collection":[{"href":"https:\/\/noufusion.com\/fr\/wp-json\/wp\/v2\/pages"}],"about":[{"href":"https:\/\/noufusion.com\/fr\/wp-json\/wp\/v2\/types\/page"}],"author":[{"embeddable":true,"href":"https:\/\/noufusion.com\/fr\/wp-json\/wp\/v2\/users\/1"}],"replies":[{"embeddable":true,"href":"https:\/\/noufusion.com\/fr\/wp-json\/wp\/v2\/comments?post=759"}],"version-history":[{"count":2,"href":"https:\/\/noufusion.com\/fr\/wp-json\/wp\/v2\/pages\/759\/revisions"}],"predecessor-version":[{"id":761,"href":"https:\/\/noufusion.com\/fr\/wp-json\/wp\/v2\/pages\/759\/revisions\/761"}],"wp:attachment":[{"href":"https:\/\/noufusion.com\/fr\/wp-json\/wp\/v2\/media?parent=759"}],"curies":[{"name":"wp","href":"https:\/\/api.w.org\/{rel}","templated":true}]}}