{"id":771,"date":"2025-04-24T10:43:27","date_gmt":"2025-04-24T08:43:27","guid":{"rendered":"https:\/\/noufusion.com\/politique-de-cookies\/"},"modified":"2025-04-30T14:03:07","modified_gmt":"2025-04-30T12:03:07","slug":"politique-de-cookies","status":"publish","type":"page","link":"https:\/\/noufusion.com\/fr\/politique-de-cookies\/","title":{"rendered":"Politique de cookies"},"content":{"rendered":"<p>[et_pb_section fb_built=\u00a0\u00bb1&Prime; theme_builder_area=\u00a0\u00bbpost_content\u00a0\u00bb _builder_version=\u00a0\u00bb4.27.4&Prime; _module_preset=\u00a0\u00bbdefault\u00a0\u00bb background_color=\u00a0\u00bb#693c4a\u00a0\u00bb hover_enabled=\u00a0\u00bb0&Prime; sticky_enabled=\u00a0\u00bb0&Prime;][et_pb_row _builder_version=\u00a0\u00bb4.27.4&Prime; _module_preset=\u00a0\u00bbdefault\u00a0\u00bb theme_builder_area=\u00a0\u00bbpost_content\u00a0\u00bb][et_pb_column _builder_version=\u00a0\u00bb4.27.4&Prime; _module_preset=\u00a0\u00bbdefault\u00a0\u00bb type=\u00a0\u00bb4_4&Prime; theme_builder_area=\u00a0\u00bbpost_content\u00a0\u00bb][et_pb_heading title=\u00a0\u00bbPolitique de cookies\u00a0\u00bb _builder_version=\u00a0\u00bb4.27.4&Prime; _module_preset=\u00a0\u00bbdefault\u00a0\u00bb theme_builder_area=\u00a0\u00bbpost_content\u00a0\u00bb title_level=\u00a0\u00bbh2&Prime; title_text_color=\u00a0\u00bb#FFFFFF\u00a0\u00bb hover_enabled=\u00a0\u00bb0&Prime; sticky_enabled=\u00a0\u00bb0&Prime; title_text_align=\u00a0\u00bbcenter\u00a0\u00bb][\/et_pb_heading][\/et_pb_column][\/et_pb_row][et_pb_row _builder_version=\u00a0\u00bb4.27.4&Prime; _module_preset=\u00a0\u00bbdefault\u00a0\u00bb theme_builder_area=\u00a0\u00bbpost_content\u00a0\u00bb][et_pb_column _builder_version=\u00a0\u00bb4.27.4&Prime; _module_preset=\u00a0\u00bbdefault\u00a0\u00bb type=\u00a0\u00bb4_4&Prime; theme_builder_area=\u00a0\u00bbpost_content\u00a0\u00bb][et_pb_text _builder_version=\u00a0\u00bb4.27.4&Prime; _module_preset=\u00a0\u00bbdefault\u00a0\u00bb theme_builder_area=\u00a0\u00bbpost_content\u00a0\u00bb text_text_color=\u00a0\u00bb#FFFFFF\u00a0\u00bb text_font_size=\u00a0\u00bb17px\u00a0\u00bb hover_enabled=\u00a0\u00bb0&Prime; sticky_enabled=\u00a0\u00bb0&Prime; header_2_text_color=\u00a0\u00bb#FFFFFF\u00a0\u00bb header_2_font_size=\u00a0\u00bb22px\u00a0\u00bb]<\/p>\n<div class=\"legal-container\">\n<h2>Utilisation des cookies<\/h2>\n<p>Ce site web utilise des cookies propres et de tiers pour am\u00e9liorer l\u2019exp\u00e9rience de navigation et offrir des services personnalis\u00e9s.<\/p>\n<p>&nbsp;<\/p>\n<h2>Types de cookies<\/h2>\n<p>&#8211; Cookies techniques : N\u00e9cessaires au bon fonctionnement du site web.<br \/>&#8211; Cookies d\u2019analyse : Pour recueillir des donn\u00e9es statistiques (Google Analytics).<br \/>&#8211; Cookies tierces : Int\u00e9gration avec des services tels que Google Maps ou Instagram.<\/p>\n<p>&nbsp;<\/p>\n<h2>Gestion des cookies<\/h2>\n<p>L\u2019utilisateur peut configurer ou refuser l\u2019utilisation des cookies via son navigateur. La d\u00e9sactivation peut affecter le fonctionnement du site web. <\/p>\n<p>&nbsp;<\/p>\n<h2>Acceptation<\/h2>\n<p>By continuing to browse, the user accepts the use of cookies in accordance with this policy.<\/p>\n<p>&nbsp;<\/p>\n<\/div>\n<p>[\/et_pb_text][\/et_pb_column][\/et_pb_row][\/et_pb_section]<\/p>\n","protected":false},"excerpt":{"rendered":"<p>Utilisation des cookies Ce site web utilise des cookies propres et de tiers pour am\u00e9liorer l\u2019exp\u00e9rience de navigation et offrir des services personnalis\u00e9s. &nbsp; Types de cookies &#8211; Cookies techniques : N\u00e9cessaires au bon fonctionnement du site web.- Cookies d\u2019analyse : Pour recueillir des donn\u00e9es statistiques (Google Analytics).- Cookies tierces : Int\u00e9gration avec des services [&hellip;]<\/p>\n","protected":false},"author":1,"featured_media":0,"parent":0,"menu_order":0,"comment_status":"closed","ping_status":"closed","template":"","meta":{"_et_pb_use_builder":"on","_et_pb_old_content":"","_et_gb_content_width":"","footnotes":""},"class_list":["post-771","page","type-page","status-publish","hentry"],"_links":{"self":[{"href":"https:\/\/noufusion.com\/fr\/wp-json\/wp\/v2\/pages\/771","targetHints":{"allow":["GET"]}}],"collection":[{"href":"https:\/\/noufusion.com\/fr\/wp-json\/wp\/v2\/pages"}],"about":[{"href":"https:\/\/noufusion.com\/fr\/wp-json\/wp\/v2\/types\/page"}],"author":[{"embeddable":true,"href":"https:\/\/noufusion.com\/fr\/wp-json\/wp\/v2\/users\/1"}],"replies":[{"embeddable":true,"href":"https:\/\/noufusion.com\/fr\/wp-json\/wp\/v2\/comments?post=771"}],"version-history":[{"count":2,"href":"https:\/\/noufusion.com\/fr\/wp-json\/wp\/v2\/pages\/771\/revisions"}],"predecessor-version":[{"id":773,"href":"https:\/\/noufusion.com\/fr\/wp-json\/wp\/v2\/pages\/771\/revisions\/773"}],"wp:attachment":[{"href":"https:\/\/noufusion.com\/fr\/wp-json\/wp\/v2\/media?parent=771"}],"curies":[{"name":"wp","href":"https:\/\/api.w.org\/{rel}","templated":true}]}}