{"id":783,"date":"2025-04-03T22:38:13","date_gmt":"2025-04-03T20:38:13","guid":{"rendered":"https:\/\/noufusion.com\/politique-de-confidentialite\/"},"modified":"2025-04-30T15:27:10","modified_gmt":"2025-04-30T13:27:10","slug":"politique-de-confidentialite","status":"publish","type":"page","link":"https:\/\/noufusion.com\/fr\/politique-de-confidentialite\/","title":{"rendered":"Politique de confidentialit\u00e9"},"content":{"rendered":"<p>[et_pb_section fb_built=\u00a0\u00bb1&Prime; _builder_version=\u00a0\u00bb4.27.4&Prime; background_color=\u00a0\u00bb#693c4a\u00a0\u00bb global_colors_info=\u00a0\u00bb{}\u00a0\u00bb][et_pb_row _builder_version=\u00a0\u00bb4.27.4&Prime; _module_preset=\u00a0\u00bbdefault\u00a0\u00bb global_colors_info=\u00a0\u00bb{}\u00a0\u00bb][et_pb_column type=\u00a0\u00bb4_4&Prime; _builder_version=\u00a0\u00bb4.27.4&Prime; _module_preset=\u00a0\u00bbdefault\u00a0\u00bb global_colors_info=\u00a0\u00bb{}\u00a0\u00bb][et_pb_heading title=\u00a0\u00bbPolitique de confidentialit\u00e9\u00a0\u00bb _builder_version=\u00a0\u00bb4.27.4&Prime; _module_preset=\u00a0\u00bbdefault\u00a0\u00bb title_level=\u00a0\u00bbh2&Prime; title_text_align=\u00a0\u00bbcenter\u00a0\u00bb title_text_color=\u00a0\u00bb#FFFFFF\u00a0\u00bb global_colors_info=\u00a0\u00bb{}\u00a0\u00bb][\/et_pb_heading][\/et_pb_column][\/et_pb_row][et_pb_row _builder_version=\u00a0\u00bb4.27.4&Prime; _module_preset=\u00a0\u00bbdefault\u00a0\u00bb global_colors_info=\u00a0\u00bb{}\u00a0\u00bb][et_pb_column type=\u00a0\u00bb4_4&Prime; _builder_version=\u00a0\u00bb4.27.4&Prime; _module_preset=\u00a0\u00bbdefault\u00a0\u00bb global_colors_info=\u00a0\u00bb{}\u00a0\u00bb][et_pb_text _builder_version=\u00a0\u00bb4.27.4&Prime; _module_preset=\u00a0\u00bbdefault\u00a0\u00bb text_text_color=\u00a0\u00bb#FFFFFF\u00a0\u00bb text_font_size=\u00a0\u00bb17px\u00a0\u00bb header_2_text_color=\u00a0\u00bb#FFFFFF\u00a0\u00bb header_2_font_size=\u00a0\u00bb22px\u00a0\u00bb hover_enabled=\u00a0\u00bb0&Prime; global_colors_info=\u00a0\u00bb{}\u00a0\u00bb sticky_enabled=\u00a0\u00bb0&Prime;]<\/p>\n<div class=\"legal-container\">\n<h2>Responsable du traitement des donn\u00e9es<\/h2>\n<p>Responsable: <strong>Nou Fusion<\/strong>, Carrer Holanda, s\/n, 17495 Palau-saverdera (Girona). Contacte: restaurantnoufusion@gmail.com \/ +34 972 53 07 27. <\/p>\n<p>&nbsp;<\/p>\n<h2>Finalit\u00e9<\/h2>\n<p>Gestion des r\u00e9servations, r\u00e9ponse aux demandes et envoi de communications li\u00e9es au restaurant. Utilisation de WhatsApp, de formulaires et d\u2019outils comme Google Maps ou Instagram. <\/p>\n<p>&nbsp;<\/p>\n<h2>Droits<\/h2>\n<p>Vous pouvez exercer vos droits d\u2019acc\u00e8s, de rectification, de suppression, de limitation et d\u2019opposition en envoyant une demande \u00e0 <a href=\"mailto:restaurantnoufusion@gmail.com\">restaurantnoufusion@gmail.com<\/a>.<\/p>\n<p>&nbsp;<\/p>\n<h2>Conservation<\/h2>\n<p>Les donn\u00e9es seront conserv\u00e9es aussi longtemps que n\u00e9cessaire pour la finalit\u00e9 pour laquelle elles ont \u00e9t\u00e9 collect\u00e9es.<\/p>\n<p>&nbsp;<\/p>\n<\/div>\n<p>[\/et_pb_text][\/et_pb_column][\/et_pb_row][\/et_pb_section]<\/p>\n","protected":false},"excerpt":{"rendered":"<p>Responsable du traitement des donn\u00e9es Responsable: Nou Fusion, Carrer Holanda, s\/n, 17495 Palau-saverdera (Girona). Contacte: restaurantnoufusion@gmail.com \/ +34 972 53 07 27. &nbsp; Finalit\u00e9 Gestion des r\u00e9servations, r\u00e9ponse aux demandes et envoi de communications li\u00e9es au restaurant. Utilisation de WhatsApp, de formulaires et d\u2019outils comme Google Maps ou Instagram. &nbsp; Droits Vous pouvez exercer vos [&hellip;]<\/p>\n","protected":false},"author":1,"featured_media":0,"parent":0,"menu_order":0,"comment_status":"closed","ping_status":"closed","template":"","meta":{"_et_pb_use_builder":"on","_et_pb_old_content":"","_et_gb_content_width":"","footnotes":""},"class_list":["post-783","page","type-page","status-publish","hentry"],"_links":{"self":[{"href":"https:\/\/noufusion.com\/fr\/wp-json\/wp\/v2\/pages\/783","targetHints":{"allow":["GET"]}}],"collection":[{"href":"https:\/\/noufusion.com\/fr\/wp-json\/wp\/v2\/pages"}],"about":[{"href":"https:\/\/noufusion.com\/fr\/wp-json\/wp\/v2\/types\/page"}],"author":[{"embeddable":true,"href":"https:\/\/noufusion.com\/fr\/wp-json\/wp\/v2\/users\/1"}],"replies":[{"embeddable":true,"href":"https:\/\/noufusion.com\/fr\/wp-json\/wp\/v2\/comments?post=783"}],"version-history":[{"count":2,"href":"https:\/\/noufusion.com\/fr\/wp-json\/wp\/v2\/pages\/783\/revisions"}],"predecessor-version":[{"id":785,"href":"https:\/\/noufusion.com\/fr\/wp-json\/wp\/v2\/pages\/783\/revisions\/785"}],"wp:attachment":[{"href":"https:\/\/noufusion.com\/fr\/wp-json\/wp\/v2\/media?parent=783"}],"curies":[{"name":"wp","href":"https:\/\/api.w.org\/{rel}","templated":true}]}}